{"id":3631,"date":"2018-06-12T22:12:19","date_gmt":"2018-06-12T20:12:19","guid":{"rendered":"https:\/\/www.abaccointernational.es\/legal-notice\/"},"modified":"2019-02-28T01:51:31","modified_gmt":"2019-02-28T00:51:31","slug":"avviso-legale-e-condizioni-duso-del-sito-web","status":"publish","type":"page","link":"https:\/\/www.abaccointernational.es\/it\/avviso-legale-e-condizioni-duso-del-sito-web\/","title":{"rendered":"AVVISO LEGALE E CONDIZIONI D\u2019USO DEL SITO WEB"},"content":{"rendered":"<p>AI sensi dell&#8217;articolo 10 della Legge 34\/2002 in materia di i servizi della societ\u00e0 dell&#8217;informazione e del commercio elettronico, informiamo gli utenti dei seguenti dati:<\/p>\n<p>Nome della Societ\u00e0: Viajes \u00c1bacco Tax-Tour, S.A.<\/p>\n<p>Nome Commerciale: \u00c1BACCO International<\/p>\n<p>Indirizzo: Calle Rossell\u00f3, 198, 4rt 2a, 08008 Barcelona (Spain)<\/p>\n<ol>\n<li>IVA: A08864290<\/li>\n<\/ol>\n<p>Telefono: +34 934315069<\/p>\n<p>E-Mail: abacco@abaccointernational.es<\/p>\n<p>Sito web: <a href=\"http:\/\/www.abaccointernational.com\">www.abaccointernational.com<\/a> and <a href=\"http:\/\/www.abaccointernational.es\">www.abaccointernational.es<\/a><\/p>\n<p>1.- Oggetto del contratto<\/p>\n<p>Viajes \u00c1bacco TAX-TOUR, SA (di seguito \u00c1bacco), come entit\u00e0 responsabile del sito Web, fornisce agli utenti questo documento, che regola l&#8217;utilizzo del sito Web <a href=\"http:\/\/www.abaccointernational.com\">www.abaccointernational.com<\/a> e <a href=\"http:\/\/www.abaccointernational.es\">www.abaccointernational.es<\/a> , per l\u2019adempimento agli obblighi previsti dalla legge 34\/2002 per i servizi della societ\u00e0 dell&#8217;informazione e del commercio elettronico (LSSICE o LSSI), e per informare tutti gli utenti sulle condizioni di utilizzo del sito web.<\/p>\n<p>Attraverso il Web, \u00c1bacco fornisce agli utenti l&#8217;accesso e l&#8217;uso di diversi servizi e contenuti resi disponibili attraverso il web.<\/p>\n<p>Qualsiasi persona che accede a questo sito Web assume il ruolo di Utente (di seguito, l&#8217;Utente), che implica di conseguenza l&#8217;accettazione piena e senza riserve di ciascuna delle disposizioni incluse in questo avviso legale, nonch\u00e9 qualsiasi altra disposizione legale che sia di applicazione.<\/p>\n<p>Come utente, per favore leggere attentamente questo avviso legale per tutti gli accessi al web, in quanto potrebbero esserci delle modifiche, poich\u00e9 \u00c1bacco si riserva il diritto di modificare qualsiasi tipo di informazione che possa apparirvi senza dover preavvertire o informare gli utenti di tali obblighi, essendo sufficiente la semplice pubblicazione sul sito web di \u00c1bacco.<\/p>\n<ol start=\"2\">\n<li>CONDIZIONI DI ACCESSO ED USO DEL SITO<\/li>\n<\/ol>\n<p>2.1. Accesso libero ed uso del sito web<\/p>\n<p>La fornitura di servizi da parte di Abacco \u00e8 gratuita per tutti gli utenti. Tuttavia, alcuni dei servizi resi da \u00c1bacco attraverso il Web potrebbero essere soggetti al pagamento di un prezzo specifico attraverso le Condizioni Generali.<\/p>\n<p>&nbsp;<\/p>\n<p>2.2. Registrazione utenti<\/p>\n<p>In generale, la resa dei servizi non richiede previa iscrizione o registrazione degli utenti.<\/p>\n<p>Tuttavia, l\u2019Abacco condiziona l&#8217;utilizzo di alcuni servizi solo se l&#8217;Utente ha precedentemente compilato il relativo <u>modulo di registrazione utente<\/u> . Link a Blog Subscription. Tale registrazione deve essere compilata nel modo indicato espressamente nella sezione stessa.<\/p>\n<p>2.3. Precisione e veridicit\u00e0 delle informazioni<\/p>\n<p>Tutte le informazioni fornite dall&#8217;Utente devono essere accurate e veritiere. A tal fine, l&#8217;Utente garantisce l&#8217;autenticit\u00e0 dei dati forniti tramite i moduli per la sottoscrizione dei Servizi. L&#8217;Utente \u00e8 responsabile di mantenere tutte le informazioni fornite ad Abacco permanentemente aggiornate in modo tale da riflettere, in ogni momento, la loro situazione reale. In ogni caso, l&#8217;Utente sar\u00e0 l&#8217;unico responsabile per dichiarazioni false o imprecise da esso fornite da loro, nonch\u00e9 per i danni che potessero essere causati di conseguenza ad \u00c1bacco o a terzi.<\/p>\n<p>2.4. Minorenni<\/p>\n<p>Per l&#8217;utilizzo dei servizi, i minori devono sempre ottenere in precedenza il consenso dei loro genitori, tutori o rappresentanti legali, che sono in ultima analisi responsabili di tutti gli atti compiuti da tali minori sotto la loro cura. Sono inoltre responsabili della determinazione dei contenuti specifici accessibili ai minori, ovvero, nel caso in cui un minore acceda contenuti inadeguati via Internet, dovranno stabilire meccanismi nei loro computer, in particolare programmi per computer, filtri e blocchi, che sono intesi limitare i contenuti disponibili e, nonostante non siano infallibili, sono di utilit\u00e0 speciale per controllare e limitare i materiali a cui i minori possono essere esposti<\/p>\n<p>2.5. Obbligo di fare un uso corretto del Web<\/p>\n<p>L&#8217;Utente accetta di utilizzare il sito Web in conformit\u00e0 con la legge e con questo avviso legale, nonch\u00e9 in conformit\u00e0 con la morale e le buone abitudini. A tal fine, l&#8217;Utente si asterr\u00e0 dall&#8217;utilizzare il sito Web per scopi illeciti o proibiti e \/ o lesivi dei diritti e degli interessi di terzi e \/ o che in qualsiasi modo possa danneggiare, disabilitare, sovraccaricare, deteriorare o impedire il normale utilizzo di apparecchiature informatiche o documenti, file e ogni tipo di contenuto memorizzato su qualsiasi computer di \u00c1bacco.<\/p>\n<p>A titolo indicativo ma non esaustivo, l&#8217;Utente si impegna a non trasmettere, divulgare o rendere disponibili a terzi le informazioni, dati, contenuti, messaggi, grafici, disegni, file audio o di immagini, fotografie, registrazioni, software e, in generale, qualsiasi tipo di materiale che:<\/p>\n<p>(a) sia contrario, disprezzi o violenti i diritti fondamentali e le libert\u00e0 pubbliche riconosciuti dalla Costituzione Spagnola, dai trattati internazionali e dalle altre leggi vigenti;<\/p>\n<p>(b) induca, incoraggi o promuova azioni criminali, degradanti, diffamatorie, violente o, in generale, contrarie alla legge, alla morale e all&#8217;ordine pubblico;<\/p>\n<p>(c) induca, inciti o promuova azioni discriminatorie, atteggiamenti o pensieri basati sul sesso, la razza, la religione, le credenze, l&#8217;et\u00e0 o le condizioni;<\/p>\n<p>(d) sia contrario ai diritti relativi all&#8217;onore, alla privacy personale o familiare o alla propria immagine;<\/p>\n<p>(e) in qualsiasi modo pregiudichi la credibilit\u00e0 di \u00c1bacco o di terzi; e<\/p>\n<p>(f) costituisca pubblicit\u00e0 illecita, ingannevole o sleale.<\/p>\n<p>3.- ESCLUSIONE DI GARANZIE E RESPONSABILIT\u00c0<\/p>\n<p>\u00c1bacco \u00e8 esenta da qualsiasi responsabilit\u00e0 derivante dalle informazioni pubblicate sul sito web, quando queste informazioni siano state manipolate o introdotte da una terza parte.<\/p>\n<p>Questo sito Web \u00e8 stato rivisto e testato per funzionare correttamente. In linea di principio, il suo corretto funzionamento pu\u00f2 essere garantito 365 giorni all&#8217;anno, 24 ore al giorno. Tuttavia, \u00c1bacco non esclude la possibilit\u00e0 che possano esserci alcuni errori di programmazione o che vi siano cause di forza maggiore, disastri naturali, scioperi o circostanze simili che potrebbero rendere impossibile l&#8217;accesso al sito web.<\/p>\n<p>L\u2019Abacco non fornisce alcuna garanzia e non \u00e8 responsabile, in nessun caso, dei i danni di qualsiasi tipo che dovessero derivare dalla mancanza di disponibilit\u00e0, manutenzione e funzionamento effettivo del sito web o dei suoi servizi e contenuti; dell&#8217;esistenza di virus, programmi dannosi o contenuti dannosi; dell&#8217;uso illecito, negligente, fraudolento o contrario al presente Avviso legale e alle condizioni d&#8217;uso; o la mancanza di legalit\u00e0, qualit\u00e0, affidabilit\u00e0, utilit\u00e0 e disponibilit\u00e0 dei servizi forniti da terzi e proposte disponibili agli utenti sul sito web.<\/p>\n<p>L\u2019Abacco non \u00e8 responsabile in nessun caso per qualsiasi e qualsiasi danno che possa derivare dall&#8217;uso illegale o improprio di questo sito web<\/p>\n<p>4.- COOKIES [ADAPT TO THE SPECIFIC CASE]<\/p>\n<p>l sito web di \u00c1bacco pu\u00f2 utilizzare i cookie (piccoli file informativi che il server invia al computer dell&#8217;utente che accede alla pagina) per svolgere determinate funzioni ritenute essenziali per il corretto funzionamento e la visualizzazione del sito. I cookie utilizzati sono, in ogni caso, di natura temporanea, con l&#8217;unico scopo di rendere la navigazione pi\u00f9 efficiente e tenuti a scomparire al termine della sessione dell&#8217;utente.<\/p>\n<p>In nessun caso i cookie verranno utilizzati per raccogliere informazioni personali.<\/p>\n<p>Per ulteriori informazioni, consultare la nostra politica sui cookie.<\/p>\n<p>[LINK TO COOKIES POLICY]<\/p>\n<p>5.- LINKS<\/p>\n<p>Dal sito web, l\u2019Utente potrebbe essere reindirizzato a contenuti di terze parti. Poich\u00e9 non \u00e8 sempre possibile controllare il contenuto inserito da terzi, l\u2019Abacco non si assume alcuna responsabilit\u00e0 in merito a tali contenuti. In ogni caso, l\u2019Abacco dichiara di accettare l&#8217;immediato ritiro di qualsiasi contenuto che possa contravvenire a leggi, moralit\u00e0 o ordine pubblico nazionale o internazionale, procedendo anche al ritiro immediato del reindirizzamento a questi siti Web, nonch\u00e9 informando le autorit\u00e0 competenti del contenuto in questione.<\/p>\n<p>L\u2019Abacco non \u00e8 responsabile delle informazioni e i contenuti archiviati che possano essere inclusi ma non limitati a forum, chat, generatori di blog, commenti, social network o qualsiasi altro mezzo che consenta a terzi di pubblicare in modo indipendente il contenuto del sito Web di \u00c1bacco. Tuttavia, e in conformit\u00e0 con le disposizioni dell&#8217;art. 11 e 16 del LSSICE (Societ\u00e0 dell&#8217;informazione e del commercio elettronico in Spagna), il Fornitore si impegna ad essere disponibile per tutti gli utenti, autorit\u00e0 e forze di sicurezza, per collaborare attivamente al ritiro o, se necessario, al blocco di tutti i contenuti che possano essere contrari o violare le leggi nazionali o internazionali, i diritti di terzi o ai fini della moralit\u00e0 e dell&#8217;ordine pubblico.<\/p>\n<p>Nel caso in cui l&#8217;Utente ritenesse qualche contenuto suscettibile di questa classificazione, sarebbe tenuto ad avvisare immediatamente l&#8217;amministratore del sito web.<\/p>\n<p>6.- PROTEZIONE PRIVACY<\/p>\n<p>L\u2019Abacco \u00e8 profondamente impegnata a rispettare le normative sulla protezione dei dati personali e garantisce la piena conformit\u00e0 con gli obblighi stabiliti in tali regolamenti, includendo l\u2019implementazione delle misure di sicurezza stabilite sia nel regolamento europeo sulla protezione dei dati sia nei regolamenti spagnoli sulla protezione dei dati.<\/p>\n<p>Per ulteriori informazioni, consultare la nostra politica sulla privacy. [LINK TO THE PRIVACY POLICY]<\/p>\n<ol start=\"7\">\n<li>SOCIAL NETWORK<\/li>\n<\/ol>\n<p>Vi informiamo che l\u2019Abacco pu\u00f2 essere presente nei social network. L&#8217;elaborazione dei dati che gli utenti includono nei social network [diventando follower del provider nei social network (e \/ o realizzando qualsiasi collegamento o azione di collegamento attraverso questi)] sar\u00e0 disciplinata da questa sezione, nonch\u00e9 dalle condizioni di uso, politiche sulla privacy e regolamenti per l&#8217;accesso e l&#8217;uso dei social network in questione, precedentemente accettati dall&#8217;utente.<\/p>\n<p>L\u2019Abacco tratter\u00e0 i dati dell\u2019Utente per aggiornamenti delle attivit\u00e0, prodotti o servizi attraverso questi social network, cos\u00ec come per qualsiasi altro scopo che i regolamenti dei Social Network consentano, ma non sar\u00e0 responsabile per le loro politiche sulla privacy.<\/p>\n<p>Le seguenti pubblicazioni di contenuti sono vietate:<\/p>\n<p>&#8211; quelle illegali da regolamenti nazionali, comunitari o internazionali o che svolgono attivit\u00e0 presumibilmente illegali o contrarie ai principi di buona fede.<\/p>\n<p>&#8211; quelle che minacciano i diritti fondamentali delle persone, la mancanza di cortesia nella rete, infastidiscono o possono generare opinioni negative sugli utenti o terzi e in generale qualunque sia il contenuto che l\u2019Abacco ritiene inappropriato.<\/p>\n<p>&#8211; in generale, tutte quelle che contravvengono ai principi di legalit\u00e0, onest\u00e0, responsabilit\u00e0, protezione della dignit\u00e0 umana, tutela dei minori, tutela dell&#8217;ordine pubblico, tutela della privacy, tutela dei consumatori e diritti di propriet\u00e0 intellettuale ed industriale.<\/p>\n<p>Inoltre, l\u2019Abacco si riserva il diritto di rimuovere, senza preavviso dal sito web o dal social network aziendale, quei contenuti che siano ritenuti inappropriati<\/p>\n<p>8.- PROPRIET\u00c0 INTELLETTUALE ED INDUSTRIALE<\/p>\n<p>Il sito Web, ivi compreso ma non limitato alla programmazione, modifica, compilazione ed altri elementi necessari per il suo funzionamento, i disegni, i logo, i testi, le fotografie e \/ o la grafica sono tutti di propriet\u00e0 dell\u2019Abacco o, se necessario, il suo utilizzo \u00e8 basato su un accordo di licenza o un&#8217;autorizzazione espressa da parte del proprietario o dei proprietari. Tutti i contenuti del sito web sono debitamente protetti dalle regole della propriet\u00e0 intellettuale e industriale.<\/p>\n<p>Indipendentemente dallo scopo per il quale sono stati concepiti, la riproduzione totale, parziale, l&#8217;uso, la distribuzione e la comunicazione pubblica richiedono un&#8217;autorizzazione scritta da parte dell\u2019Abacco. Qualsiasi utilizzo che non sia stato preventivamente autorizzato dall\u2019Abacco sar\u00e0 considerato una grave violazione dei diritti di propriet\u00e0 intellettuale o industriale del proprietario o dei proprietari.<\/p>\n<p>I disegni, i logo, i testi e \/ o la grafica che non sono collegati ad Abacco e che possono apparire sul sito web, sono di propriet\u00e0 dei rispettivi proprietari, essendo essi stessi responsabili di ogni possibile controversia che possa verificarsi nei loro confronti. In ogni caso, il Fornitore ha una precedente autorizzazione espressa da parte di tali proprietari.<\/p>\n<p>L\u2019Abacco riconosce, a favore dei proprietari, i loro corrispondenti diritti di propriet\u00e0 industriale ed intellettuale. La loro menzione o apparizione sul sito web, non implica l&#8217;esistenza di alcun diritto o responsabilit\u00e0 dell\u2019Abacco su di essi, n\u00e9 la loro approvazione, sponsorizzazione o raccomandazione.<\/p>\n<p>Per fare qualsiasi tipo di osservazione in merito a possibili violazioni dei diritti di propriet\u00e0 intellettuale o industriale, nonch\u00e9 a qualsiasi contenuto del sito Web, \u00e8 possibile comunicare con l\u2019Abacco tramite l&#8217;indirizzo e-mail di contatto sopra riportato.<\/p>\n<p>9.- LEGGE APPLICABILE E GIURISDIZIONE<\/p>\n<p>Per la risoluzione di controversie o questioni relative a questo sito Web o alle attivit\u00e0 ivi sviluppate, sono di applicazione dalle leggi applicabili in Spagna, alle quali le parti espressamente si sottopongono, essendo le Corti di Barcellona le entit\u00e0 competenti che risolveranno tutte le controversie che se ne deriveranno o saranno relative all&#8217;uso svolto dalle parti.<\/p>\n","protected":false},"excerpt":{"rendered":"<p>AI sensi dell&#8217;articolo 10 della Legge 34\/2002 in materia di i servizi della societ\u00e0 dell&#8217;informazione e del commercio elettronico, informiamo gli utenti dei seguenti dati: Nome della Societ\u00e0: Viajes \u00c1bacco Tax-Tour, S.A. Nome Commerciale: \u00c1BACCO International Indirizzo: Calle Rossell\u00f3, 198, 4rt 2a, 08008 Barcelona (Spain) IVA: A08864290 Telefono: +34 934315069 E-Mail: abacco@abaccointernational.es Sito web: www.abaccointernational.com [&hellip;]<\/p>\n","protected":false},"author":1,"featured_media":0,"parent":0,"menu_order":0,"comment_status":"closed","ping_status":"closed","template":"","meta":{"footnotes":""},"class_list":["post-3631","page","type-page","status-publish","hentry"],"yoast_head":"<!-- This site is optimized with the Yoast SEO plugin v27.4 - https:\/\/yoast.com\/product\/yoast-seo-wordpress\/ -->\n<title>AVVISO LEGALE E CONDIZIONI D\u2019USO DEL SITO WEB - Abacco International<\/title>\n<meta name=\"robots\" content=\"noindex, follow\" \/>\n<meta property=\"og:locale\" content=\"it_IT\" \/>\n<meta property=\"og:type\" content=\"article\" \/>\n<meta property=\"og:title\" content=\"AVVISO LEGALE E CONDIZIONI D\u2019USO DEL SITO WEB - Abacco International\" \/>\n<meta property=\"og:description\" content=\"AI sensi dell&#8217;articolo 10 della Legge 34\/2002 in materia di i servizi della societ\u00e0 dell&#8217;informazione e del commercio elettronico, informiamo gli utenti dei seguenti dati: Nome della Societ\u00e0: Viajes \u00c1bacco Tax-Tour, S.A. Nome Commerciale: \u00c1BACCO International Indirizzo: Calle Rossell\u00f3, 198, 4rt 2a, 08008 Barcelona (Spain) IVA: A08864290 Telefono: +34 934315069 E-Mail: abacco@abaccointernational.es Sito web: www.abaccointernational.com [&hellip;]\" \/>\n<meta property=\"og:url\" content=\"https:\/\/www.abaccointernational.es\/it\/avviso-legale-e-condizioni-duso-del-sito-web\/\" \/>\n<meta property=\"og:site_name\" content=\"Abacco International\" \/>\n<meta property=\"article:modified_time\" content=\"2019-02-28T00:51:31+00:00\" \/>\n<meta name=\"twitter:card\" content=\"summary_large_image\" \/>\n<meta name=\"twitter:label1\" content=\"Tempo di lettura stimato\" \/>\n\t<meta name=\"twitter:data1\" content=\"10 minuti\" \/>\n<script type=\"application\/ld+json\" class=\"yoast-schema-graph\">{\"@context\":\"https:\\\/\\\/schema.org\",\"@graph\":[{\"@type\":\"WebPage\",\"@id\":\"https:\\\/\\\/www.abaccointernational.es\\\/it\\\/avviso-legale-e-condizioni-duso-del-sito-web\\\/\",\"url\":\"https:\\\/\\\/www.abaccointernational.es\\\/it\\\/avviso-legale-e-condizioni-duso-del-sito-web\\\/\",\"name\":\"AVVISO LEGALE E CONDIZIONI D\u2019USO DEL SITO WEB - Abacco International\",\"isPartOf\":{\"@id\":\"https:\\\/\\\/www.abaccointernational.es\\\/#website\"},\"datePublished\":\"2018-06-12T20:12:19+00:00\",\"dateModified\":\"2019-02-28T00:51:31+00:00\",\"breadcrumb\":{\"@id\":\"https:\\\/\\\/www.abaccointernational.es\\\/it\\\/avviso-legale-e-condizioni-duso-del-sito-web\\\/#breadcrumb\"},\"inLanguage\":\"it-IT\",\"potentialAction\":[{\"@type\":\"ReadAction\",\"target\":[\"https:\\\/\\\/www.abaccointernational.es\\\/it\\\/avviso-legale-e-condizioni-duso-del-sito-web\\\/\"]}]},{\"@type\":\"BreadcrumbList\",\"@id\":\"https:\\\/\\\/www.abaccointernational.es\\\/it\\\/avviso-legale-e-condizioni-duso-del-sito-web\\\/#breadcrumb\",\"itemListElement\":[{\"@type\":\"ListItem\",\"position\":1,\"name\":\"Home\",\"item\":\"https:\\\/\\\/www.abaccointernational.es\\\/it\\\/\"},{\"@type\":\"ListItem\",\"position\":2,\"name\":\"AVVISO LEGALE E CONDIZIONI D\u2019USO DEL SITO WEB\"}]},{\"@type\":\"WebSite\",\"@id\":\"https:\\\/\\\/www.abaccointernational.es\\\/#website\",\"url\":\"https:\\\/\\\/www.abaccointernational.es\\\/\",\"name\":\"Abacco International\",\"description\":\"DMC for Spain And Portugal\",\"potentialAction\":[{\"@type\":\"SearchAction\",\"target\":{\"@type\":\"EntryPoint\",\"urlTemplate\":\"https:\\\/\\\/www.abaccointernational.es\\\/?s={search_term_string}\"},\"query-input\":{\"@type\":\"PropertyValueSpecification\",\"valueRequired\":true,\"valueName\":\"search_term_string\"}}],\"inLanguage\":\"it-IT\"}]}<\/script>\n<!-- \/ Yoast SEO plugin. -->","yoast_head_json":{"title":"AVVISO LEGALE E CONDIZIONI D\u2019USO DEL SITO WEB - Abacco International","robots":{"index":"noindex","follow":"follow"},"og_locale":"it_IT","og_type":"article","og_title":"AVVISO LEGALE E CONDIZIONI D\u2019USO DEL SITO WEB - Abacco International","og_description":"AI sensi dell&#8217;articolo 10 della Legge 34\/2002 in materia di i servizi della societ\u00e0 dell&#8217;informazione e del commercio elettronico, informiamo gli utenti dei seguenti dati: Nome della Societ\u00e0: Viajes \u00c1bacco Tax-Tour, S.A. Nome Commerciale: \u00c1BACCO International Indirizzo: Calle Rossell\u00f3, 198, 4rt 2a, 08008 Barcelona (Spain) IVA: A08864290 Telefono: +34 934315069 E-Mail: abacco@abaccointernational.es Sito web: www.abaccointernational.com [&hellip;]","og_url":"https:\/\/www.abaccointernational.es\/it\/avviso-legale-e-condizioni-duso-del-sito-web\/","og_site_name":"Abacco International","article_modified_time":"2019-02-28T00:51:31+00:00","twitter_card":"summary_large_image","twitter_misc":{"Tempo di lettura stimato":"10 minuti"},"schema":{"@context":"https:\/\/schema.org","@graph":[{"@type":"WebPage","@id":"https:\/\/www.abaccointernational.es\/it\/avviso-legale-e-condizioni-duso-del-sito-web\/","url":"https:\/\/www.abaccointernational.es\/it\/avviso-legale-e-condizioni-duso-del-sito-web\/","name":"AVVISO LEGALE E CONDIZIONI D\u2019USO DEL SITO WEB - Abacco International","isPartOf":{"@id":"https:\/\/www.abaccointernational.es\/#website"},"datePublished":"2018-06-12T20:12:19+00:00","dateModified":"2019-02-28T00:51:31+00:00","breadcrumb":{"@id":"https:\/\/www.abaccointernational.es\/it\/avviso-legale-e-condizioni-duso-del-sito-web\/#breadcrumb"},"inLanguage":"it-IT","potentialAction":[{"@type":"ReadAction","target":["https:\/\/www.abaccointernational.es\/it\/avviso-legale-e-condizioni-duso-del-sito-web\/"]}]},{"@type":"BreadcrumbList","@id":"https:\/\/www.abaccointernational.es\/it\/avviso-legale-e-condizioni-duso-del-sito-web\/#breadcrumb","itemListElement":[{"@type":"ListItem","position":1,"name":"Home","item":"https:\/\/www.abaccointernational.es\/it\/"},{"@type":"ListItem","position":2,"name":"AVVISO LEGALE E CONDIZIONI D\u2019USO DEL SITO WEB"}]},{"@type":"WebSite","@id":"https:\/\/www.abaccointernational.es\/#website","url":"https:\/\/www.abaccointernational.es\/","name":"Abacco International","description":"DMC for Spain And Portugal","potentialAction":[{"@type":"SearchAction","target":{"@type":"EntryPoint","urlTemplate":"https:\/\/www.abaccointernational.es\/?s={search_term_string}"},"query-input":{"@type":"PropertyValueSpecification","valueRequired":true,"valueName":"search_term_string"}}],"inLanguage":"it-IT"}]}},"_links":{"self":[{"href":"https:\/\/www.abaccointernational.es\/it\/wp-json\/wp\/v2\/pages\/3631","targetHints":{"allow":["GET"]}}],"collection":[{"href":"https:\/\/www.abaccointernational.es\/it\/wp-json\/wp\/v2\/pages"}],"about":[{"href":"https:\/\/www.abaccointernational.es\/it\/wp-json\/wp\/v2\/types\/page"}],"author":[{"embeddable":true,"href":"https:\/\/www.abaccointernational.es\/it\/wp-json\/wp\/v2\/users\/1"}],"replies":[{"embeddable":true,"href":"https:\/\/www.abaccointernational.es\/it\/wp-json\/wp\/v2\/comments?post=3631"}],"version-history":[{"count":2,"href":"https:\/\/www.abaccointernational.es\/it\/wp-json\/wp\/v2\/pages\/3631\/revisions"}],"predecessor-version":[{"id":3632,"href":"https:\/\/www.abaccointernational.es\/it\/wp-json\/wp\/v2\/pages\/3631\/revisions\/3632"}],"wp:attachment":[{"href":"https:\/\/www.abaccointernational.es\/it\/wp-json\/wp\/v2\/media?parent=3631"}],"curies":[{"name":"wp","href":"https:\/\/api.w.org\/{rel}","templated":true}]}}