{"id":3187,"date":"2018-06-12T21:14:57","date_gmt":"2018-06-12T19:14:57","guid":{"rendered":"https:\/\/www.abaccointernational.es\/cookies-policy\/"},"modified":"2019-01-24T16:43:26","modified_gmt":"2019-01-24T15:43:26","slug":"politica-de-cookies","status":"publish","type":"page","link":"https:\/\/www.abaccointernational.es\/es\/politica-de-cookies\/","title":{"rendered":"Pol\u00edtica de cookies"},"content":{"rendered":"<h1>Configuraci\u00f3n de cookies y privacidad<\/h1>\n<p><strong>C\u00f3mo usamos las cookies<\/strong><\/p>\n<p>Podemos solicitar que se configuren cookies en su dispositivo. Utilizamos cookies para: saber cuantas visitas tiene nuestro sitio web, c\u00f3mo interact\u00faa el usuario con nosotros, para enriquecer su experiencia de usuario y para personalizar su relaci\u00f3n con nuestro sitio web. &lt;br&gt; &lt;br&gt; Haga clic en los diferentes encabezados de categor\u00eda para obtener m\u00e1s informaci\u00f3n. Tambi\u00e9n puede cambiar algunas de sus preferencias. Tenga en cuenta que el bloqueo de algunos tipos de cookies puede afectar su experiencia en nuestros sitios web y los servicios que podemos ofrecerle.<\/p>\n<p><strong>Cookies esenciales del sitio web<\/strong><\/p>\n<p>Estas cookies son estrictamente necesarias para proporcionarle los servicios disponibles a trav\u00e9s de nuestro sitio web y para usar algunas de sus funciones. &lt;br&gt; &lt;br&gt; Debido a que estas cookies son estrictamente necesarias para mostrar el sitio web, no puede rechazarlas sin afectar el funcionamiento de nuestro web. Puede bloquearlos o eliminarlos cambiando la configuraci\u00f3n de su navegador y forzar el bloqueo de todas las cookies en este sitio web.<\/p>\n<p><strong>Google Analytics Cookies<\/strong><\/p>\n<p>Estas cookies recopilan informaci\u00f3n que se utiliza de forma agregada para ayudarnos a comprender c\u00f3mo se utiliza nuestro sitio web, qu\u00e9 tan efectivas son nuestras campa\u00f1as de marketing, o para ayudarnos a personalizar nuestro sitio web y la aplicaci\u00f3n para mejorar su experiencia. &lt;br&gt; &lt;br&gt; Si no desea que rastreamos su visita en nuestro sitio web, puede deshabilitar el seguimiento en su navegador aqu\u00ed:<br \/>\n<div data-disabled_by_browser=\"Please enable this feature in your browser settings and reload the page.\" class=\"av-switch-aviaPrivacyGoogleTrackingDisabled av-toggle-switch av-cookie-disable-external-toggle av-cookie-save-unchecked av-cookie-default-checked\"><label><input type=\"checkbox\" checked=\"checked\" id=\"aviaPrivacyGoogleTrackingDisabled\" class=\"aviaPrivacyGoogleTrackingDisabled \" name=\"aviaPrivacyGoogleTrackingDisabled\" ><span class=\"toggle-track\"><\/span><span class=\"toggle-label-content\">Click to enable\/disable Google Analytics tracking.<\/span><\/label><\/div><\/p>\n<p><strong>Otros servicios externos<\/strong><\/p>\n<p>Tambi\u00e9n utilizamos diferentes servicios externos como Google Webfonts, Google Maps y proveedores externos de video. Dado que estos proveedores pueden recopilar datos personales, como su direcci\u00f3n IP, le permitimos bloquearlos aqu\u00ed. Tenga en cuenta que esto puede reducir en gran medida la funcionalidad y la apariencia de nuestro sitio. Los cambios tendr\u00e1n efecto, una vez que recargues la p\u00e1gina. &lt;br&gt; &lt;br&gt;<\/p>\n<p>Configuraci\u00f3n Google Webfont:<br \/>\n<div class=\"av-switch-aviaPrivacyGoogleWebfontsDisabled av-toggle-switch av-cookie-disable-external-toggle av-cookie-save-unchecked av-cookie-default-checked\"><label><input type=\"checkbox\" checked=\"checked\" id=\"aviaPrivacyGoogleWebfontsDisabled\" class=\"aviaPrivacyGoogleWebfontsDisabled \" name=\"aviaPrivacyGoogleWebfontsDisabled\" ><span class=\"toggle-track\"><\/span><span class=\"toggle-label-content\">Click to enable\/disable Google Webfonts.<\/span><\/label><\/div><\/p>\n<p>Configuraci\u00f3n Google Maps:<br \/>\n<div class=\"av-switch-aviaPrivacyGoogleMapsDisabled av-toggle-switch av-cookie-disable-external-toggle av-cookie-save-unchecked av-cookie-default-checked\"><label><input type=\"checkbox\" checked=\"checked\" id=\"aviaPrivacyGoogleMapsDisabled\" class=\"aviaPrivacyGoogleMapsDisabled \" name=\"aviaPrivacyGoogleMapsDisabled\" ><span class=\"toggle-track\"><\/span><span class=\"toggle-label-content\">Click to enable\/disable Google Maps.<\/span><\/label><\/div><\/p>\n<p>Incrustaci\u00f3n Youtube video:<br \/>\n<div class=\"av-switch-aviaPrivacyVideoEmbedsDisabled av-toggle-switch av-cookie-disable-external-toggle av-cookie-save-unchecked av-cookie-default-checked\"><label><input type=\"checkbox\" checked=\"checked\" id=\"aviaPrivacyVideoEmbedsDisabled\" class=\"aviaPrivacyVideoEmbedsDisabled \" name=\"aviaPrivacyVideoEmbedsDisabled\" ><span class=\"toggle-track\"><\/span><span class=\"toggle-label-content\">Click to enable\/disable video embeds.<\/span><\/label><\/div><\/p>\n<p><strong>Pol\u00edtica de privacidad<\/strong><\/p>\n<p>Puede leer sobre nuestras cookies y configuraciones de privacidad en detalle en nuestra P\u00e1gina de &lt;a href=\u00bbhttps:\/\/www.abaccointernational.es\/es\/politica-de-privacidad\/\u00bb&gt;Pol\u00edticas de privacidad&lt;\/a&gt;<\/p>\n","protected":false},"excerpt":{"rendered":"<p>Configuraci\u00f3n de cookies y privacidad C\u00f3mo usamos las cookies Podemos solicitar que se configuren cookies en su dispositivo. Utilizamos cookies para: saber cuantas visitas tiene nuestro sitio web, c\u00f3mo interact\u00faa el usuario con nosotros, para enriquecer su experiencia de usuario y para personalizar su relaci\u00f3n con nuestro sitio web. &lt;br&gt; &lt;br&gt; Haga clic en los [&hellip;]<\/p>\n","protected":false},"author":1,"featured_media":0,"parent":0,"menu_order":0,"comment_status":"closed","ping_status":"closed","template":"","meta":{"footnotes":""},"class_list":["post-3187","page","type-page","status-publish","hentry"],"yoast_head":"<!-- This site is optimized with the Yoast SEO plugin v27.4 - https:\/\/yoast.com\/product\/yoast-seo-wordpress\/ -->\n<title>Pol\u00edtica de cookies - Abacco International<\/title>\n<meta name=\"robots\" content=\"noindex, follow\" \/>\n<meta property=\"og:locale\" content=\"es_ES\" \/>\n<meta property=\"og:type\" content=\"article\" \/>\n<meta property=\"og:title\" content=\"Pol\u00edtica de cookies - Abacco International\" \/>\n<meta property=\"og:description\" content=\"Configuraci\u00f3n de cookies y privacidad C\u00f3mo usamos las cookies Podemos solicitar que se configuren cookies en su dispositivo. Utilizamos cookies para: saber cuantas visitas tiene nuestro sitio web, c\u00f3mo interact\u00faa el usuario con nosotros, para enriquecer su experiencia de usuario y para personalizar su relaci\u00f3n con nuestro sitio web. &lt;br&gt; &lt;br&gt; Haga clic en los [&hellip;]\" \/>\n<meta property=\"og:url\" content=\"https:\/\/www.abaccointernational.es\/es\/politica-de-cookies\/\" \/>\n<meta property=\"og:site_name\" content=\"Abacco International\" \/>\n<meta property=\"article:modified_time\" content=\"2019-01-24T15:43:26+00:00\" \/>\n<meta name=\"twitter:card\" content=\"summary_large_image\" \/>\n<meta name=\"twitter:label1\" content=\"Tiempo de lectura\" \/>\n\t<meta name=\"twitter:data1\" content=\"2 minutos\" \/>\n<script type=\"application\/ld+json\" class=\"yoast-schema-graph\">{\"@context\":\"https:\\\/\\\/schema.org\",\"@graph\":[{\"@type\":\"WebPage\",\"@id\":\"https:\\\/\\\/www.abaccointernational.es\\\/es\\\/politica-de-cookies\\\/\",\"url\":\"https:\\\/\\\/www.abaccointernational.es\\\/es\\\/politica-de-cookies\\\/\",\"name\":\"Pol\u00edtica de cookies - Abacco International\",\"isPartOf\":{\"@id\":\"https:\\\/\\\/www.abaccointernational.es\\\/#website\"},\"datePublished\":\"2018-06-12T19:14:57+00:00\",\"dateModified\":\"2019-01-24T15:43:26+00:00\",\"breadcrumb\":{\"@id\":\"https:\\\/\\\/www.abaccointernational.es\\\/es\\\/politica-de-cookies\\\/#breadcrumb\"},\"inLanguage\":\"es\",\"potentialAction\":[{\"@type\":\"ReadAction\",\"target\":[\"https:\\\/\\\/www.abaccointernational.es\\\/es\\\/politica-de-cookies\\\/\"]}]},{\"@type\":\"BreadcrumbList\",\"@id\":\"https:\\\/\\\/www.abaccointernational.es\\\/es\\\/politica-de-cookies\\\/#breadcrumb\",\"itemListElement\":[{\"@type\":\"ListItem\",\"position\":1,\"name\":\"Home\",\"item\":\"https:\\\/\\\/www.abaccointernational.es\\\/es\\\/\"},{\"@type\":\"ListItem\",\"position\":2,\"name\":\"Pol\u00edtica de cookies\"}]},{\"@type\":\"WebSite\",\"@id\":\"https:\\\/\\\/www.abaccointernational.es\\\/#website\",\"url\":\"https:\\\/\\\/www.abaccointernational.es\\\/\",\"name\":\"Abacco International\",\"description\":\"DMC for Spain And Portugal\",\"potentialAction\":[{\"@type\":\"SearchAction\",\"target\":{\"@type\":\"EntryPoint\",\"urlTemplate\":\"https:\\\/\\\/www.abaccointernational.es\\\/?s={search_term_string}\"},\"query-input\":{\"@type\":\"PropertyValueSpecification\",\"valueRequired\":true,\"valueName\":\"search_term_string\"}}],\"inLanguage\":\"es\"}]}<\/script>\n<!-- \/ Yoast SEO plugin. -->","yoast_head_json":{"title":"Pol\u00edtica de cookies - Abacco International","robots":{"index":"noindex","follow":"follow"},"og_locale":"es_ES","og_type":"article","og_title":"Pol\u00edtica de cookies - Abacco International","og_description":"Configuraci\u00f3n de cookies y privacidad C\u00f3mo usamos las cookies Podemos solicitar que se configuren cookies en su dispositivo. Utilizamos cookies para: saber cuantas visitas tiene nuestro sitio web, c\u00f3mo interact\u00faa el usuario con nosotros, para enriquecer su experiencia de usuario y para personalizar su relaci\u00f3n con nuestro sitio web. &lt;br&gt; &lt;br&gt; Haga clic en los [&hellip;]","og_url":"https:\/\/www.abaccointernational.es\/es\/politica-de-cookies\/","og_site_name":"Abacco International","article_modified_time":"2019-01-24T15:43:26+00:00","twitter_card":"summary_large_image","twitter_misc":{"Tiempo de lectura":"2 minutos"},"schema":{"@context":"https:\/\/schema.org","@graph":[{"@type":"WebPage","@id":"https:\/\/www.abaccointernational.es\/es\/politica-de-cookies\/","url":"https:\/\/www.abaccointernational.es\/es\/politica-de-cookies\/","name":"Pol\u00edtica de cookies - Abacco International","isPartOf":{"@id":"https:\/\/www.abaccointernational.es\/#website"},"datePublished":"2018-06-12T19:14:57+00:00","dateModified":"2019-01-24T15:43:26+00:00","breadcrumb":{"@id":"https:\/\/www.abaccointernational.es\/es\/politica-de-cookies\/#breadcrumb"},"inLanguage":"es","potentialAction":[{"@type":"ReadAction","target":["https:\/\/www.abaccointernational.es\/es\/politica-de-cookies\/"]}]},{"@type":"BreadcrumbList","@id":"https:\/\/www.abaccointernational.es\/es\/politica-de-cookies\/#breadcrumb","itemListElement":[{"@type":"ListItem","position":1,"name":"Home","item":"https:\/\/www.abaccointernational.es\/es\/"},{"@type":"ListItem","position":2,"name":"Pol\u00edtica de cookies"}]},{"@type":"WebSite","@id":"https:\/\/www.abaccointernational.es\/#website","url":"https:\/\/www.abaccointernational.es\/","name":"Abacco International","description":"DMC for Spain And Portugal","potentialAction":[{"@type":"SearchAction","target":{"@type":"EntryPoint","urlTemplate":"https:\/\/www.abaccointernational.es\/?s={search_term_string}"},"query-input":{"@type":"PropertyValueSpecification","valueRequired":true,"valueName":"search_term_string"}}],"inLanguage":"es"}]}},"_links":{"self":[{"href":"https:\/\/www.abaccointernational.es\/es\/wp-json\/wp\/v2\/pages\/3187","targetHints":{"allow":["GET"]}}],"collection":[{"href":"https:\/\/www.abaccointernational.es\/es\/wp-json\/wp\/v2\/pages"}],"about":[{"href":"https:\/\/www.abaccointernational.es\/es\/wp-json\/wp\/v2\/types\/page"}],"author":[{"embeddable":true,"href":"https:\/\/www.abaccointernational.es\/es\/wp-json\/wp\/v2\/users\/1"}],"replies":[{"embeddable":true,"href":"https:\/\/www.abaccointernational.es\/es\/wp-json\/wp\/v2\/comments?post=3187"}],"version-history":[{"count":3,"href":"https:\/\/www.abaccointernational.es\/es\/wp-json\/wp\/v2\/pages\/3187\/revisions"}],"predecessor-version":[{"id":3202,"href":"https:\/\/www.abaccointernational.es\/es\/wp-json\/wp\/v2\/pages\/3187\/revisions\/3202"}],"wp:attachment":[{"href":"https:\/\/www.abaccointernational.es\/es\/wp-json\/wp\/v2\/media?parent=3187"}],"curies":[{"name":"wp","href":"https:\/\/api.w.org\/{rel}","templated":true}]}}