{"id":2918,"date":"2018-06-01T20:20:36","date_gmt":"2018-06-01T18:20:36","guid":{"rendered":"https:\/\/www.abaccointernational.es\/destinations\/"},"modified":"2019-02-28T00:53:26","modified_gmt":"2019-02-27T23:53:26","slug":"destinos","status":"publish","type":"page","link":"https:\/\/www.abaccointernational.es\/es\/destinos\/","title":{"rendered":"Destinos"},"content":{"rendered":"\n<style type=\"text\/css\" data-created_by=\"avia_inline_auto\" id=\"style-css-av-av_heading-4ffcf5585d436c25fb571b2168a7abc1\">\n#top .av-special-heading.av-av_heading-4ffcf5585d436c25fb571b2168a7abc1{\npadding-bottom:10px;\nfont-size:34px;\n}\nbody .av-special-heading.av-av_heading-4ffcf5585d436c25fb571b2168a7abc1 .av-special-heading-tag .heading-char{\nfont-size:25px;\n}\n#top #wrap_all .av-special-heading.av-av_heading-4ffcf5585d436c25fb571b2168a7abc1 .av-special-heading-tag{\nfont-size:34px;\n}\n.av-special-heading.av-av_heading-4ffcf5585d436c25fb571b2168a7abc1 .av-subheading{\nfont-size:15px;\n}\n\n@media only screen and (min-width: 480px) and (max-width: 767px){ \n#top #wrap_all .av-special-heading.av-av_heading-4ffcf5585d436c25fb571b2168a7abc1 .av-special-heading-tag{\nfont-size:0.8em;\n}\n}\n\n@media only screen and (max-width: 479px){ \n#top #wrap_all .av-special-heading.av-av_heading-4ffcf5585d436c25fb571b2168a7abc1 .av-special-heading-tag{\nfont-size:0.8em;\n}\n}\n<\/style>\n<div  class='av-special-heading av-av_heading-4ffcf5585d436c25fb571b2168a7abc1 av-special-heading-h1 meta-heading blockquote modern-quote modern-centered  avia-builder-el-0  el_before_av_font_icon  avia-builder-el-first  av-inherit-size'><h1 class='av-special-heading-tag '  itemprop=\"headline\"  >Destinos<\/h1><div class='av-subheading av-subheading_below'><p>El DMC Espa\u00f1a que se encarga tambi\u00e9n de Portugal y m\u00e1s!<\/p>\n<\/div><div class=\"special-heading-border\"><div class=\"special-heading-inner-border\"><\/div><\/div><\/div>\n\n<style type=\"text\/css\" data-created_by=\"avia_inline_auto\" id=\"style-css-av-ji3qs52x-5d0f453a96d41f158b3838cd93515f88\">\n.av_font_icon.av-ji3qs52x-5d0f453a96d41f158b3838cd93515f88{\ncolor:#333333;\nborder-color:#333333;\n}\n.avia-svg-icon.av-ji3qs52x-5d0f453a96d41f158b3838cd93515f88 svg:first-child{\nstroke:#333333;\nfill:#333333;\n}\n.av_font_icon.av-ji3qs52x-5d0f453a96d41f158b3838cd93515f88 .av-icon-char{\nfont-size:34px;\nline-height:34px;\n}\n<\/style>\n<span  class='av_font_icon av-ji3qs52x-5d0f453a96d41f158b3838cd93515f88 avia_animate_when_visible av-icon-style- avia-icon-pos-center avia-iconfont avia-font-entypo-fontello avia-icon-animate'><span class='av-icon-char' data-av_icon='\ue841' data-av_iconfont='entypo-fontello' aria-hidden=\"true\" ><\/span><\/span>\n<section  class='av_textblock_section av-jlzhwk4g-5dd5d46ada400722a58545c68c6a354d '   itemscope=\"itemscope\" itemtype=\"https:\/\/schema.org\/CreativeWork\" ><div class='avia_textblock'  itemprop=\"text\" ><p style=\"text-align: center;\">Abacco International es mucho m\u00e1s que una agencia receptiva en Barcelona. Es un DMC que ofrece un servicio integral para tus <strong>viajes a Espa\u00f1a y <\/strong><strong>Portugal<\/strong>, nuestros principales destinos.<\/p>\n<p>Para los clientes que quieran combinar estos dos pa\u00edses con otros pa\u00edses vecinos, tambi\u00e9n tenemos contactos directos con proveedores en <strong>el sur de Francia, Andorra, Gibraltar, Italia y Marruecos.<br \/>\n<\/strong><br \/>\nEvita contratar y negociar en diferentes idiomas, con diferentes est\u00e1ndares de servicio o, incluso, con diferente moneda. Hacemos todas estas gestiones para ti y preparamos programas de viajes completos y competitivos para tus grupos.<\/p>\n<p style=\"text-align: center;\">\u00a1Un \u00fanico partner para una soluci\u00f3n global!<\/p>\n<\/div><\/section>\n<\/div><\/div><\/div><!-- close content main div --><\/div><\/div><div id='av-layout-grid-1'  class='av-layout-grid-container av-ovvv9-674513888e451e71b1f6a8dd6c52e015 entry-content-wrapper main_color av-flex-cells  avia-builder-el-3  el_after_av_textblock  el_before_av_section  grid-row-not-first  container_wrap sidebar_right'  >\n\n<style type=\"text\/css\" data-created_by=\"avia_inline_auto\" id=\"style-css-av-iq5m5-8424a80defc73c039990a35f5d6f4721\">\n.flex_cell.av-iq5m5-8424a80defc73c039990a35f5d6f4721{\nvertical-align:top;\n}\n.responsive #top #wrap_all .flex_cell.av-iq5m5-8424a80defc73c039990a35f5d6f4721{\npadding:0px 0px 0px 0px !important;\n}\n<\/style>\n<div class='flex_cell av-iq5m5-8424a80defc73c039990a35f5d6f4721 av-gridrow-cell av_one_third no_margin  avia-builder-el-4  el_before_av_cell_one_third  avia-builder-el-first  content-align-top av-zero-padding'  ><div class='flex_cell_inner'>\n<style type=\"text\/css\" data-created_by=\"avia_inline_auto\" id=\"style-css-av-jjob3wlw-09325bc70cfa29805bd3ff6d6c890488\">\n.avia-image-container.av-jjob3wlw-09325bc70cfa29805bd3ff6d6c890488 img.avia_image{\nbox-shadow:none;\n}\n.avia-image-container.av-jjob3wlw-09325bc70cfa29805bd3ff6d6c890488 .av-caption-image-overlay-bg{\nopacity:0.4;\nbackground-color:#000000;\n}\n.avia-image-container.av-jjob3wlw-09325bc70cfa29805bd3ff6d6c890488 .av-image-caption-overlay-center{\ncolor:#ffffff;\n}\n<\/style>\n<div  class='avia-image-container av-jjob3wlw-09325bc70cfa29805bd3ff6d6c890488 av-styling- av-hover-grow av-img-linked avia-align-center  avia-builder-el-5  avia-builder-el-no-sibling  noHover av-overlay-hover-deactivate'   itemprop=\"image\" itemscope=\"itemscope\" itemtype=\"https:\/\/schema.org\/ImageObject\" ><div class=\"avia-image-container-inner\"><div class=\"avia-image-overlay-wrap\"><a href=\"https:\/\/www.abaccointernational.es\/es\/trip\/espana\/\" class='avia_image '  aria-label='Sevilla-Spain'><div class=\"av-image-caption-overlay\"><div class=\"av-caption-image-overlay-bg\"><\/div><div class=\"av-image-caption-overlay-position\"><div class=\"av-image-caption-overlay-center\"><p>Espa\u00f1a<\/p>\n<\/div><\/div><\/div><img decoding=\"async\" fetchpriority=\"high\" class='wp-image-2740 avia-img-lazy-loading-not-2740 avia_image ' src=\"https:\/\/www.abaccointernational.es\/wp-content\/uploads\/2018\/07\/Sevilla-Spain.jpg\" alt='' title='Sevilla-Spain'  height=\"550\" width=\"845\"  itemprop=\"thumbnailUrl\" srcset=\"https:\/\/www.abaccointernational.es\/wp-content\/uploads\/2018\/07\/Sevilla-Spain.jpg 845w, https:\/\/www.abaccointernational.es\/wp-content\/uploads\/2018\/07\/Sevilla-Spain-300x195.jpg 300w, https:\/\/www.abaccointernational.es\/wp-content\/uploads\/2018\/07\/Sevilla-Spain-768x500.jpg 768w, https:\/\/www.abaccointernational.es\/wp-content\/uploads\/2018\/07\/Sevilla-Spain-705x459.jpg 705w, https:\/\/www.abaccointernational.es\/wp-content\/uploads\/2018\/07\/Sevilla-Spain-450x293.jpg 450w\" sizes=\"(max-width: 845px) 100vw, 845px\" \/><\/a><\/div><\/div><\/div>\n<\/div><\/div>\n<style type=\"text\/css\" data-created_by=\"avia_inline_auto\" id=\"style-css-av-gjrut-a76feeb355557702e8a0586e1753ab9b\">\n.flex_cell.av-gjrut-a76feeb355557702e8a0586e1753ab9b{\nvertical-align:top;\n}\n.responsive #top #wrap_all .flex_cell.av-gjrut-a76feeb355557702e8a0586e1753ab9b{\npadding:0px 0px 0px 0px !important;\n}\n<\/style>\n<div class='flex_cell av-gjrut-a76feeb355557702e8a0586e1753ab9b av-gridrow-cell av_one_third no_margin  avia-builder-el-6  el_after_av_cell_one_third  el_before_av_cell_one_third  content-align-top av-zero-padding'  ><div class='flex_cell_inner'>\n<style type=\"text\/css\" data-created_by=\"avia_inline_auto\" id=\"style-css-av-jjob3wlw-9f3f72e3da2947858b5ec41e36dcbbd9\">\n.avia-image-container.av-jjob3wlw-9f3f72e3da2947858b5ec41e36dcbbd9 img.avia_image{\nbox-shadow:none;\n}\n.avia-image-container.av-jjob3wlw-9f3f72e3da2947858b5ec41e36dcbbd9 .av-caption-image-overlay-bg{\nopacity:0.4;\nbackground-color:#000000;\n}\n.avia-image-container.av-jjob3wlw-9f3f72e3da2947858b5ec41e36dcbbd9 .av-image-caption-overlay-center{\ncolor:#ffffff;\n}\n<\/style>\n<div  class='avia-image-container av-jjob3wlw-9f3f72e3da2947858b5ec41e36dcbbd9 av-styling- av-hover-grow av-img-linked avia-align-center  avia-builder-el-7  avia-builder-el-no-sibling  noHover av-overlay-hover-deactivate'   itemprop=\"image\" itemscope=\"itemscope\" itemtype=\"https:\/\/schema.org\/ImageObject\" ><div class=\"avia-image-container-inner\"><div class=\"avia-image-overlay-wrap\"><a href=\"https:\/\/www.abaccointernational.es\/es\/trip\/portugal\/\" class='avia_image '  aria-label='Portugal, Tiles'><div class=\"av-image-caption-overlay\"><div class=\"av-caption-image-overlay-bg\"><\/div><div class=\"av-image-caption-overlay-position\"><div class=\"av-image-caption-overlay-center\"><p>Portugal<\/p>\n<\/div><\/div><\/div><img decoding=\"async\" fetchpriority=\"high\" class='wp-image-2769 avia-img-lazy-loading-not-2769 avia_image ' src=\"https:\/\/www.abaccointernational.es\/wp-content\/uploads\/2018\/07\/Portugal-Azulejos-845x550.jpg\" alt='' title='Portugal, Tiles'  height=\"550\" width=\"845\"  itemprop=\"thumbnailUrl\" srcset=\"https:\/\/www.abaccointernational.es\/wp-content\/uploads\/2018\/07\/Portugal-Azulejos.jpg 845w, https:\/\/www.abaccointernational.es\/wp-content\/uploads\/2018\/07\/Portugal-Azulejos-300x195.jpg 300w, https:\/\/www.abaccointernational.es\/wp-content\/uploads\/2018\/07\/Portugal-Azulejos-768x500.jpg 768w, https:\/\/www.abaccointernational.es\/wp-content\/uploads\/2018\/07\/Portugal-Azulejos-705x459.jpg 705w, https:\/\/www.abaccointernational.es\/wp-content\/uploads\/2018\/07\/Portugal-Azulejos-450x293.jpg 450w\" sizes=\"(max-width: 845px) 100vw, 845px\" \/><\/a><\/div><\/div><\/div>\n<\/div><\/div>\n<style type=\"text\/css\" data-created_by=\"avia_inline_auto\" id=\"style-css-av-71nhx-64aa53b26613f5fe6cf59c4528bbf8b3\">\n.flex_cell.av-71nhx-64aa53b26613f5fe6cf59c4528bbf8b3{\nvertical-align:top;\n}\n.responsive #top #wrap_all .flex_cell.av-71nhx-64aa53b26613f5fe6cf59c4528bbf8b3{\npadding:0px 0px 0px 0px !important;\n}\n<\/style>\n<div class='flex_cell av-71nhx-64aa53b26613f5fe6cf59c4528bbf8b3 av-gridrow-cell av_one_third no_margin  avia-builder-el-8  el_after_av_cell_one_third  avia-builder-el-last  content-align-top av-zero-padding'  ><div class='flex_cell_inner'>\n<style type=\"text\/css\" data-created_by=\"avia_inline_auto\" id=\"style-css-av-jjob3wlw-1edbf543412b6c1fb7fc777d1e2ff2a5\">\n.avia-image-container.av-jjob3wlw-1edbf543412b6c1fb7fc777d1e2ff2a5 img.avia_image{\nbox-shadow:none;\n}\n.avia-image-container.av-jjob3wlw-1edbf543412b6c1fb7fc777d1e2ff2a5 .av-caption-image-overlay-bg{\nopacity:0.4;\nbackground-color:#000000;\n}\n.avia-image-container.av-jjob3wlw-1edbf543412b6c1fb7fc777d1e2ff2a5 .av-image-caption-overlay-center{\ncolor:#ffffff;\n}\n<\/style>\n<div  class='avia-image-container av-jjob3wlw-1edbf543412b6c1fb7fc777d1e2ff2a5 av-styling- av-hover-grow av-img-linked avia-align-center  avia-builder-el-9  avia-builder-el-no-sibling  noHover av-overlay-hover-deactivate'   itemprop=\"image\" itemscope=\"itemscope\" itemtype=\"https:\/\/schema.org\/ImageObject\" ><div class=\"avia-image-container-inner\"><div class=\"avia-image-overlay-wrap\"><a href=\"https:\/\/www.abaccointernational.es\/es\/trip\/sur-de-francia-gibraltar-andorra-italia-marruecos\/\" class='avia_image '  aria-label='Map-travel-Abacco-international'><div class=\"av-image-caption-overlay\"><div class=\"av-caption-image-overlay-bg\"><\/div><div class=\"av-image-caption-overlay-position\"><div class=\"av-image-caption-overlay-center\"><p>Sur De Francia, Gibraltar, Andorra, Italia, Marruecos\u2026<\/p>\n<\/div><\/div><\/div><img decoding=\"async\" fetchpriority=\"high\" class='wp-image-2770 avia-img-lazy-loading-not-2770 avia_image ' src=\"https:\/\/www.abaccointernational.es\/wp-content\/uploads\/2018\/07\/Map-travel-Abacco-international.jpg\" alt='' title='Map-travel-Abacco-international'  height=\"550\" width=\"845\"  itemprop=\"thumbnailUrl\" srcset=\"https:\/\/www.abaccointernational.es\/wp-content\/uploads\/2018\/07\/Map-travel-Abacco-international.jpg 845w, https:\/\/www.abaccointernational.es\/wp-content\/uploads\/2018\/07\/Map-travel-Abacco-international-300x195.jpg 300w, https:\/\/www.abaccointernational.es\/wp-content\/uploads\/2018\/07\/Map-travel-Abacco-international-768x500.jpg 768w, https:\/\/www.abaccointernational.es\/wp-content\/uploads\/2018\/07\/Map-travel-Abacco-international-705x459.jpg 705w, https:\/\/www.abaccointernational.es\/wp-content\/uploads\/2018\/07\/Map-travel-Abacco-international-450x293.jpg 450w\" sizes=\"(max-width: 845px) 100vw, 845px\" \/><\/a><\/div><\/div><\/div>\n<\/div><\/div><\/div>\n<style type=\"text\/css\" data-created_by=\"avia_inline_auto\" id=\"style-css-av-ji5dvu09-795a841ceb380f75ff7a4276b10dc773\">\n.avia-section.av-ji5dvu09-795a841ceb380f75ff7a4276b10dc773{\nbackground-color:#f9f9f9;\nbackground-image:url(https:\/\/www.abaccointernational.es\/wp-content\/uploads\/2018\/09\/pattern-mail-80x80.png);\nbackground-repeat:repeat;\nbackground-position:0% 0%;\nbackground-attachment:scroll;\n}\n<\/style>\n<div id='av_section_1'  class='avia-section av-ji5dvu09-795a841ceb380f75ff7a4276b10dc773 main_color avia-section-default avia-no-border-styling  avia-builder-el-10  el_after_av_layout_row  avia-builder-el-last  avia-bg-style-scroll container_wrap sidebar_right'  data-section-bg-repeat='repeat'><div class='container av-section-cont-open' ><div class='template-page content  av-content-small alpha units'><div class='post-entry post-entry-type-page post-entry-2918'><div class='entry-content-wrapper clearfix'>\n\n<style type=\"text\/css\" data-created_by=\"avia_inline_auto\" id=\"style-css-av-24ox2-0c6e4fc1b0f5c5037c31196d26755020\">\n.flex_column.av-24ox2-0c6e4fc1b0f5c5037c31196d26755020{\nborder-radius:0px 0px 0px 0px;\npadding:0px 0px 0px 0px;\n}\n<\/style>\n<div  class='flex_column av-24ox2-0c6e4fc1b0f5c5037c31196d26755020 av_one_fifth  avia-builder-el-11  el_before_av_three_fifth  avia-builder-el-first  first flex_column_div av-zero-column-padding  '     ><\/div>\n<style type=\"text\/css\" data-created_by=\"avia_inline_auto\" id=\"style-css-av-dowpq-847597f5e4531b981529513c2bbfed2c\">\n.flex_column.av-dowpq-847597f5e4531b981529513c2bbfed2c{\nborder-width:1px;\nborder-color:#222222;\nborder-style:solid;\nborder-radius:10px 10px 10px 10px;\npadding:30px 0px 30px 0px;\nbackground-color:#fcfcfc;\n}\n<\/style>\n<div  class='flex_column av-dowpq-847597f5e4531b981529513c2bbfed2c av_three_fifth  avia-builder-el-12  el_after_av_one_fifth  el_before_av_one_fifth  flex_column_div  '     ><p>\n<style type=\"text\/css\" data-created_by=\"avia_inline_auto\" id=\"style-css-av-ji5e52mn-87037dae708a031d0e7c4e5ee5e76c5f\">\n#top .av-rotator-container.av-ji5e52mn-87037dae708a031d0e7c4e5ee5e76c5f{\ntext-align:center;\nmargin:0 0 10px 0;\n}\n<\/style>\n<div  class='av-rotator-container av-rotation-container-center av-ji5e52mn-87037dae708a031d0e7c4e5ee5e76c5f  avia-builder-el-13  el_before_av_button  avia-builder-el-first  av-fixed-rotator-width' data-interval='5' data-animation='1' data-fixWidth='1'><h3 class='av-rotator-container-inner'>Si necesita m\u00e1s informaci\u00f3n,<span class='av-rotator-text av-rotator-multiline-on'>\n<span class='av-rotator-text-single av-3o1kr8-512f85a4e1a37806402f949d20e1c08f av-rotator-text-single-1' >por favor,<\/span>\n<span class='av-rotator-text-single av-2umrh0-cc329df07e48b4cebd0fcc4cb395c9cb av-rotator-text-single-2' >\u00a1Cont\u00e1ctenos!<\/span>\n<\/span><\/h3><\/div><br \/>\n<div  class='avia-button-wrap av-amnku-57fafbb6ce14780ada1416fd05631c12-wrap avia-button-center  avia-builder-el-14  el_after_av_headline_rotator  avia-builder-el-last '><a href='https:\/\/www.abaccointernational.es\/es\/contacto\/'  class='avia-button av-amnku-57fafbb6ce14780ada1416fd05631c12 av-link-btn avia-icon_select-yes-left-icon avia-size-large avia-position-center avia-color-theme-color'   aria-label=\"Contacto\"><span class='avia_button_icon avia_button_icon_left avia-iconfont avia-font-entypo-fontello' data-av_icon='\ue805' data-av_iconfont='entypo-fontello' ><\/span><span class='avia_iconbox_title' >Contacto<\/span><\/a><\/div><\/p><\/div>\n<style type=\"text\/css\" data-created_by=\"avia_inline_auto\" id=\"style-css-av-b43ny-5ac5edbc5a21bd9e476e3f22c3b80750\">\n.flex_column.av-b43ny-5ac5edbc5a21bd9e476e3f22c3b80750{\nborder-radius:0px 0px 0px 0px;\npadding:0px 0px 0px 0px;\n}\n<\/style>\n<div  class='flex_column av-b43ny-5ac5edbc5a21bd9e476e3f22c3b80750 av_one_fifth  avia-builder-el-15  el_after_av_three_fifth  avia-builder-el-last  flex_column_div av-zero-column-padding  '     ><\/div>\n<\/div><\/div><\/div><!-- close content main div --><\/div><\/div><div id='after_section_1'  class='main_color av_default_container_wrap container_wrap sidebar_right'  ><div class='container av-section-cont-open' ><div class='template-page content  av-content-small alpha units'><div class='post-entry post-entry-type-page post-entry-2918'><div class='entry-content-wrapper clearfix'><\/p>\n","protected":false},"excerpt":{"rendered":"","protected":false},"author":1,"featured_media":0,"parent":0,"menu_order":0,"comment_status":"closed","ping_status":"closed","template":"","meta":{"footnotes":""},"class_list":["post-2918","page","type-page","status-publish","hentry"],"yoast_head":"<!-- This site is optimized with the Yoast SEO plugin v27.4 - https:\/\/yoast.com\/product\/yoast-seo-wordpress\/ -->\n<title>Inbound touroperators in Spain, know our destinations. Abacco International<\/title>\n<meta name=\"description\" content=\"As Inbound touroperators in Spain, all destinations in Spain and Portugal are covered by our company. An Incoming Agent for a comprehensive solutions.\" \/>\n<meta name=\"robots\" content=\"index, follow, max-snippet:-1, max-image-preview:large, max-video-preview:-1\" \/>\n<link rel=\"canonical\" href=\"https:\/\/www.abaccointernational.es\/es\/destinos\/\" \/>\n<meta property=\"og:locale\" content=\"es_ES\" \/>\n<meta property=\"og:type\" content=\"article\" \/>\n<meta property=\"og:title\" content=\"Inbound touroperators in Spain, know our destinations. Abacco International\" \/>\n<meta property=\"og:description\" content=\"As Inbound touroperators in Spain, all destinations in Spain and Portugal are covered by our company. An Incoming Agent for a comprehensive solutions.\" \/>\n<meta property=\"og:url\" content=\"https:\/\/www.abaccointernational.es\/es\/destinos\/\" \/>\n<meta property=\"og:site_name\" content=\"Abacco International\" \/>\n<meta property=\"article:modified_time\" content=\"2019-02-27T23:53:26+00:00\" \/>\n<meta name=\"twitter:card\" content=\"summary_large_image\" \/>\n<meta name=\"twitter:label1\" content=\"Tiempo de lectura\" \/>\n\t<meta name=\"twitter:data1\" content=\"6 minutos\" \/>\n<script type=\"application\/ld+json\" class=\"yoast-schema-graph\">{\"@context\":\"https:\\\/\\\/schema.org\",\"@graph\":[{\"@type\":\"WebPage\",\"@id\":\"https:\\\/\\\/www.abaccointernational.es\\\/es\\\/destinos\\\/\",\"url\":\"https:\\\/\\\/www.abaccointernational.es\\\/es\\\/destinos\\\/\",\"name\":\"Inbound touroperators in Spain, know our destinations. Abacco International\",\"isPartOf\":{\"@id\":\"https:\\\/\\\/www.abaccointernational.es\\\/#website\"},\"datePublished\":\"2018-06-01T18:20:36+00:00\",\"dateModified\":\"2019-02-27T23:53:26+00:00\",\"description\":\"As Inbound touroperators in Spain, all destinations in Spain and Portugal are covered by our company. An Incoming Agent for a comprehensive solutions.\",\"breadcrumb\":{\"@id\":\"https:\\\/\\\/www.abaccointernational.es\\\/es\\\/destinos\\\/#breadcrumb\"},\"inLanguage\":\"es\",\"potentialAction\":[{\"@type\":\"ReadAction\",\"target\":[\"https:\\\/\\\/www.abaccointernational.es\\\/es\\\/destinos\\\/\"]}]},{\"@type\":\"BreadcrumbList\",\"@id\":\"https:\\\/\\\/www.abaccointernational.es\\\/es\\\/destinos\\\/#breadcrumb\",\"itemListElement\":[{\"@type\":\"ListItem\",\"position\":1,\"name\":\"Home\",\"item\":\"https:\\\/\\\/www.abaccointernational.es\\\/es\\\/\"},{\"@type\":\"ListItem\",\"position\":2,\"name\":\"Destinos\"}]},{\"@type\":\"WebSite\",\"@id\":\"https:\\\/\\\/www.abaccointernational.es\\\/#website\",\"url\":\"https:\\\/\\\/www.abaccointernational.es\\\/\",\"name\":\"Abacco International\",\"description\":\"DMC for Spain And Portugal\",\"potentialAction\":[{\"@type\":\"SearchAction\",\"target\":{\"@type\":\"EntryPoint\",\"urlTemplate\":\"https:\\\/\\\/www.abaccointernational.es\\\/?s={search_term_string}\"},\"query-input\":{\"@type\":\"PropertyValueSpecification\",\"valueRequired\":true,\"valueName\":\"search_term_string\"}}],\"inLanguage\":\"es\"}]}<\/script>\n<!-- \/ Yoast SEO plugin. -->","yoast_head_json":{"title":"Inbound touroperators in Spain, know our destinations. Abacco International","description":"As Inbound touroperators in Spain, all destinations in Spain and Portugal are covered by our company. An Incoming Agent for a comprehensive solutions.","robots":{"index":"index","follow":"follow","max-snippet":"max-snippet:-1","max-image-preview":"max-image-preview:large","max-video-preview":"max-video-preview:-1"},"canonical":"https:\/\/www.abaccointernational.es\/es\/destinos\/","og_locale":"es_ES","og_type":"article","og_title":"Inbound touroperators in Spain, know our destinations. Abacco International","og_description":"As Inbound touroperators in Spain, all destinations in Spain and Portugal are covered by our company. An Incoming Agent for a comprehensive solutions.","og_url":"https:\/\/www.abaccointernational.es\/es\/destinos\/","og_site_name":"Abacco International","article_modified_time":"2019-02-27T23:53:26+00:00","twitter_card":"summary_large_image","twitter_misc":{"Tiempo de lectura":"6 minutos"},"schema":{"@context":"https:\/\/schema.org","@graph":[{"@type":"WebPage","@id":"https:\/\/www.abaccointernational.es\/es\/destinos\/","url":"https:\/\/www.abaccointernational.es\/es\/destinos\/","name":"Inbound touroperators in Spain, know our destinations. Abacco International","isPartOf":{"@id":"https:\/\/www.abaccointernational.es\/#website"},"datePublished":"2018-06-01T18:20:36+00:00","dateModified":"2019-02-27T23:53:26+00:00","description":"As Inbound touroperators in Spain, all destinations in Spain and Portugal are covered by our company. An Incoming Agent for a comprehensive solutions.","breadcrumb":{"@id":"https:\/\/www.abaccointernational.es\/es\/destinos\/#breadcrumb"},"inLanguage":"es","potentialAction":[{"@type":"ReadAction","target":["https:\/\/www.abaccointernational.es\/es\/destinos\/"]}]},{"@type":"BreadcrumbList","@id":"https:\/\/www.abaccointernational.es\/es\/destinos\/#breadcrumb","itemListElement":[{"@type":"ListItem","position":1,"name":"Home","item":"https:\/\/www.abaccointernational.es\/es\/"},{"@type":"ListItem","position":2,"name":"Destinos"}]},{"@type":"WebSite","@id":"https:\/\/www.abaccointernational.es\/#website","url":"https:\/\/www.abaccointernational.es\/","name":"Abacco International","description":"DMC for Spain And Portugal","potentialAction":[{"@type":"SearchAction","target":{"@type":"EntryPoint","urlTemplate":"https:\/\/www.abaccointernational.es\/?s={search_term_string}"},"query-input":{"@type":"PropertyValueSpecification","valueRequired":true,"valueName":"search_term_string"}}],"inLanguage":"es"}]}},"_links":{"self":[{"href":"https:\/\/www.abaccointernational.es\/es\/wp-json\/wp\/v2\/pages\/2918","targetHints":{"allow":["GET"]}}],"collection":[{"href":"https:\/\/www.abaccointernational.es\/es\/wp-json\/wp\/v2\/pages"}],"about":[{"href":"https:\/\/www.abaccointernational.es\/es\/wp-json\/wp\/v2\/types\/page"}],"author":[{"embeddable":true,"href":"https:\/\/www.abaccointernational.es\/es\/wp-json\/wp\/v2\/users\/1"}],"replies":[{"embeddable":true,"href":"https:\/\/www.abaccointernational.es\/es\/wp-json\/wp\/v2\/comments?post=2918"}],"version-history":[{"count":6,"href":"https:\/\/www.abaccointernational.es\/es\/wp-json\/wp\/v2\/pages\/2918\/revisions"}],"predecessor-version":[{"id":3593,"href":"https:\/\/www.abaccointernational.es\/es\/wp-json\/wp\/v2\/pages\/2918\/revisions\/3593"}],"wp:attachment":[{"href":"https:\/\/www.abaccointernational.es\/es\/wp-json\/wp\/v2\/media?parent=2918"}],"curies":[{"name":"wp","href":"https:\/\/api.w.org\/{rel}","templated":true}]}}