{"id":2892,"date":"2014-08-24T17:28:24","date_gmt":"2014-08-24T17:28:24","guid":{"rendered":"https:\/\/www.abaccointernational.es\/contact-us\/"},"modified":"2019-01-22T00:58:06","modified_gmt":"2019-01-21T23:58:06","slug":"contacto","status":"publish","type":"page","link":"https:\/\/www.abaccointernational.es\/es\/contacto\/","title":{"rendered":"Contacto"},"content":{"rendered":"\n<style type=\"text\/css\" data-created_by=\"avia_inline_auto\" id=\"style-css-av-av_heading-5716ace768dd76c14e8815d4e06ce065\">\n#top .av-special-heading.av-av_heading-5716ace768dd76c14e8815d4e06ce065{\npadding-bottom:10px;\nfont-size:34px;\n}\nbody .av-special-heading.av-av_heading-5716ace768dd76c14e8815d4e06ce065 .av-special-heading-tag .heading-char{\nfont-size:25px;\n}\n#top #wrap_all .av-special-heading.av-av_heading-5716ace768dd76c14e8815d4e06ce065 .av-special-heading-tag{\nfont-size:34px;\n}\n.av-special-heading.av-av_heading-5716ace768dd76c14e8815d4e06ce065 .av-subheading{\nfont-size:15px;\n}\n\n@media only screen and (min-width: 480px) and (max-width: 767px){ \n#top #wrap_all .av-special-heading.av-av_heading-5716ace768dd76c14e8815d4e06ce065 .av-special-heading-tag{\nfont-size:0.8em;\n}\n}\n\n@media only screen and (max-width: 479px){ \n#top #wrap_all .av-special-heading.av-av_heading-5716ace768dd76c14e8815d4e06ce065 .av-special-heading-tag{\nfont-size:0.8em;\n}\n}\n<\/style>\n<div  class='av-special-heading av-av_heading-5716ace768dd76c14e8815d4e06ce065 av-special-heading-h1 meta-heading blockquote modern-quote modern-centered  avia-builder-el-0  el_before_av_font_icon  avia-builder-el-first  av-inherit-size'><h1 class='av-special-heading-tag '  itemprop=\"headline\"  >Contacto<\/h1><div class=\"special-heading-border\"><div class=\"special-heading-inner-border\"><\/div><\/div><\/div>\n\n<style type=\"text\/css\" data-created_by=\"avia_inline_auto\" id=\"style-css-av-ji3qs52x-cc0b5d6312bc09fb2b7c44d9d8dece73\">\n.av_font_icon.av-ji3qs52x-cc0b5d6312bc09fb2b7c44d9d8dece73{\ncolor:#333333;\nborder-color:#333333;\n}\n.avia-svg-icon.av-ji3qs52x-cc0b5d6312bc09fb2b7c44d9d8dece73 svg:first-child{\nstroke:#333333;\nfill:#333333;\n}\n.av_font_icon.av-ji3qs52x-cc0b5d6312bc09fb2b7c44d9d8dece73 .av-icon-char{\nfont-size:34px;\nline-height:34px;\n}\n<\/style>\n<span  class='av_font_icon av-ji3qs52x-cc0b5d6312bc09fb2b7c44d9d8dece73 avia_animate_when_visible av-icon-style- avia-icon-pos-center avia-iconfont avia-font-entypo-fontello avia-icon-animate'><span class='av-icon-char' data-av_icon='\ue805' data-av_iconfont='entypo-fontello' aria-hidden=\"true\" ><\/span><\/span>\n\n<style type=\"text\/css\" data-created_by=\"avia_inline_auto\" id=\"style-css-av-jk8wqsef-8c4aafd5074c890b6e45a44b220d34cd\">\n#top .hr.hr-invisible.av-jk8wqsef-8c4aafd5074c890b6e45a44b220d34cd{\nheight:50px;\n}\n<\/style>\n<div  class='hr av-jk8wqsef-8c4aafd5074c890b6e45a44b220d34cd hr-invisible  avia-builder-el-2  el_after_av_font_icon  el_before_av_one_half '><span class='hr-inner '><span class=\"hr-inner-style\"><\/span><\/span><\/div>\n\n<style type=\"text\/css\" data-created_by=\"avia_inline_auto\" id=\"style-css-av-l3ryv-7268d4a9b91809ffcf25e7107f26a54e\">\n.flex_column.av-l3ryv-7268d4a9b91809ffcf25e7107f26a54e{\nborder-radius:0px 0px 0px 0px;\npadding:0px 0px 0px 0px;\n}\n<\/style>\n<div  class='flex_column av-l3ryv-7268d4a9b91809ffcf25e7107f26a54e av_one_half  avia-builder-el-3  el_after_av_hr  el_before_av_one_half  first flex_column_div av-zero-column-padding  '     ><p>\n<style type=\"text\/css\" data-created_by=\"avia_inline_auto\" id=\"style-css-av-av_heading-4732b327e44545ebe5398971af7246fb\">\n#top .av-special-heading.av-av_heading-4732b327e44545ebe5398971af7246fb{\npadding-bottom:10px;\nfont-size:20px;\n}\nbody .av-special-heading.av-av_heading-4732b327e44545ebe5398971af7246fb .av-special-heading-tag .heading-char{\nfont-size:25px;\n}\n#top #wrap_all .av-special-heading.av-av_heading-4732b327e44545ebe5398971af7246fb .av-special-heading-tag{\nfont-size:20px;\n}\n.av-special-heading.av-av_heading-4732b327e44545ebe5398971af7246fb .av-subheading{\nfont-size:15px;\n}\n\n@media only screen and (min-width: 480px) and (max-width: 767px){ \n#top #wrap_all .av-special-heading.av-av_heading-4732b327e44545ebe5398971af7246fb .av-special-heading-tag{\nfont-size:0.8em;\n}\n}\n\n@media only screen and (max-width: 479px){ \n#top #wrap_all .av-special-heading.av-av_heading-4732b327e44545ebe5398971af7246fb .av-special-heading-tag{\nfont-size:0.8em;\n}\n}\n<\/style>\n<div  class='av-special-heading av-av_heading-4732b327e44545ebe5398971af7246fb av-special-heading-h5 blockquote modern-quote  avia-builder-el-4  el_before_av_textblock  avia-builder-el-first  av-inherit-size'><h5 class='av-special-heading-tag '  itemprop=\"headline\"  >Contacto principal<\/h5><div class=\"special-heading-border\"><div class=\"special-heading-inner-border\"><\/div><\/div><\/div><br \/>\n<section  class='av_textblock_section av-jlzhtmjp-8db16d6c7971bff75e2c9f73e6078f43 '   itemscope=\"itemscope\" itemtype=\"https:\/\/schema.org\/CreativeWork\" ><div class='avia_textblock'  itemprop=\"text\" ><p>\u00a1Puedes comunicarte con nosotros en ingl\u00e9s, franc\u00e9s, italiano, portugu\u00e9s, espa\u00f1ol o catal\u00e1n! Tambi\u00e9n entendemos alem\u00e1n y holand\u00e9s, aunque no podemos responder en esos hermosos idiomas (\u00a1todav\u00eda!)<\/p>\n<\/div><\/section><br \/>\n<div  class='avia-icon-list-container av-93bpun-3fecc3e5de66527677324054c6a5d629  avia-builder-el-6  el_after_av_textblock  el_before_av_codeblock '><ul class='avia-icon-list avia_animate_when_almost_visible avia-icon-list-left av-iconlist-small av-93bpun-3fecc3e5de66527677324054c6a5d629 avia-iconlist-animate'>\n<li><div class='iconlist_icon av-fdosc-6cb1ec6744f3cbb5943159615152838c avia-font-entypo-fontello avia-iconfont avia-font-entypo-fontello'><span class='av-icon-char' data-av_icon='\ue854' data-av_iconfont='entypo-fontello' aria-hidden=\"true\"><\/span><\/div><article class=\"article-icon-entry av-iconlist-empty\"  itemscope=\"itemscope\" itemtype=\"https:\/\/schema.org\/CreativeWork\" ><div class=\"iconlist_content_wrap\"><header class=\"entry-content-header\" aria-label=\"Icon: &lt;a href=&#039;tel:0034934315069&#039; title=&#039;Tel\u00e9fono: (+34) 934 315 069&#039; target=&quot;_blank&quot;  rel=&quot;noopener noreferrer&quot;&gt;Tel\u00e9fono: (+34) 934 315 069&lt;\/a&gt;\"><div class='av_iconlist_title iconlist_title_small  '  itemprop=\"headline\" ><a href='tel:0034934315069' title='Tel\u00e9fono: (+34) 934 315 069' target=\"_blank\"  rel=\"noopener noreferrer\">Tel\u00e9fono: (+34) 934 315 069<\/a><\/div><\/header><div class='iconlist_content '  itemprop=\"text\" ><\/div><\/div><footer class=\"entry-footer\"><\/footer><\/article><div class=\"iconlist-timeline\"><\/div><\/li>\n<li><a href='mailto:abacco@abaccointernational.es' title='E-Mail: abacco@abaccointernational.es'  target=\"_blank\"  rel=\"noopener noreferrer\" class='iconlist_icon av-aznxz-45ff2ac7e13396027fcdcf314a117207 avia-font-entypo-fontello avia-iconfont avia-font-entypo-fontello'><span class='av-icon-char' data-av_icon='\ue805' data-av_iconfont='entypo-fontello' aria-hidden=\"true\"><\/span><\/a><article class=\"article-icon-entry av-iconlist-empty\"  itemscope=\"itemscope\" itemtype=\"https:\/\/schema.org\/CreativeWork\" ><div class=\"iconlist_content_wrap\"><header class=\"entry-content-header\" aria-label=\"Icon: &lt;a href=&#039;mailto:abacco@abaccointernational.es&#039; title=&#039;E-Mail: abacco@abaccointernational.es&#039; target=&quot;_blank&quot;  rel=&quot;noopener noreferrer&quot;&gt;E-Mail: abacco@abaccointernational.es&lt;\/a&gt;\"><div class='av_iconlist_title iconlist_title_small  '  itemprop=\"headline\" ><a href='mailto:abacco@abaccointernational.es' title='E-Mail: abacco@abaccointernational.es' target=\"_blank\"  rel=\"noopener noreferrer\">E-Mail: abacco@abaccointernational.es<\/a><\/div><\/header><div class='iconlist_content '  itemprop=\"text\" ><\/div><\/div><footer class=\"entry-footer\"><\/footer><\/article><div class=\"iconlist-timeline\"><\/div><\/li>\n<li><a href='https:\/\/www.google.com\/maps\/dir\/\u2019\u2019\/Carrer+del+Rossell%C3%B3,+198,+08008+Barcelona\/@41.3930058,2.1551013,17z\/data=!4m8!4m7!1m0!1m5!1m1!1s0x12a4a29052d964d5:0xda1b12acd02e97b9!2m2!1d2.15729!2d41.3930058' title='Direcci\u00f3n: Rossell\u00f3 198, 4rt 2a 08008 Barcelona'  target=\"_blank\"  rel=\"noopener noreferrer\" class='iconlist_icon av-2jote4-4c1c0d291cf4d6f0755b050e4fe6134a avia-font-entypo-fontello avia-iconfont avia-font-entypo-fontello'><span class='av-icon-char' data-av_icon='\ue842' data-av_iconfont='entypo-fontello' aria-hidden=\"true\"><\/span><\/a><article class=\"article-icon-entry av-iconlist-empty\"  itemscope=\"itemscope\" itemtype=\"https:\/\/schema.org\/CreativeWork\" ><div class=\"iconlist_content_wrap\"><header class=\"entry-content-header\" aria-label=\"Icon: &lt;a href=&#039;https:\/\/www.google.com\/maps\/dir\/\u2019\u2019\/Carrer+del+Rossell%C3%B3,+198,+08008+Barcelona\/@41.3930058,2.1551013,17z\/data=!4m8!4m7!1m0!1m5!1m1!1s0x12a4a29052d964d5:0xda1b12acd02e97b9!2m2!1d2.15729!2d41.3930058&#039; title=&#039;Direcci\u00f3n: Rossell\u00f3 198, 4rt 2a 08008 Barcelona&#039; target=&quot;_blank&quot;  rel=&quot;noopener noreferrer&quot;&gt;Direcci\u00f3n: Rossell\u00f3 198, 4rt 2a 08008 Barcelona&lt;\/a&gt;\"><div class='av_iconlist_title iconlist_title_small  '  itemprop=\"headline\" ><a href='https:\/\/www.google.com\/maps\/dir\/\u2019\u2019\/Carrer+del+Rossell%C3%B3,+198,+08008+Barcelona\/@41.3930058,2.1551013,17z\/data=!4m8!4m7!1m0!1m5!1m1!1s0x12a4a29052d964d5:0xda1b12acd02e97b9!2m2!1d2.15729!2d41.3930058' title='Direcci\u00f3n: Rossell\u00f3 198, 4rt 2a 08008 Barcelona' target=\"_blank\"  rel=\"noopener noreferrer\">Direcci\u00f3n: Rossell\u00f3 198, 4rt 2a 08008 Barcelona<\/a><\/div><\/header><div class='iconlist_content '  itemprop=\"text\" ><\/div><\/div><footer class=\"entry-footer\"><\/footer><\/article><div class=\"iconlist-timeline\"><\/div><\/li>\n<li><div class='iconlist_icon av-bs33b-42e7cf6452a25c109466f7b06fdf5a1a avia-font-entypo-fontello avia-iconfont avia-font-entypo-fontello'><span class='av-icon-char' data-av_icon='\ue909' data-av_iconfont='entypo-fontello' aria-hidden=\"true\"><\/span><\/div><article class=\"article-icon-entry av-iconlist-empty\"  itemscope=\"itemscope\" itemtype=\"https:\/\/schema.org\/CreativeWork\" ><div class=\"iconlist_content_wrap\"><header class=\"entry-content-header\" aria-label=\"Icon: &lt;a href=&#039;https:\/\/www.instagram.com\/abacco_international\/&#039; title=&#039;@abacco_international&#039; target=&quot;_blank&quot;  rel=&quot;noopener noreferrer&quot;&gt;@abacco_international&lt;\/a&gt;\"><div class='av_iconlist_title iconlist_title_small  '  itemprop=\"headline\" ><a href='https:\/\/www.instagram.com\/abacco_international\/' title='@abacco_international' target=\"_blank\"  rel=\"noopener noreferrer\">@abacco_international<\/a><\/div><\/header><div class='iconlist_content '  itemprop=\"text\" ><\/div><\/div><footer class=\"entry-footer\"><\/footer><\/article><div class=\"iconlist-timeline\"><\/div><\/li>\n<\/ul><\/div><br \/>\n<\/p><\/div>\n<style type=\"text\/css\" data-created_by=\"avia_inline_auto\" id=\"style-css-av-d36b3-5315ce8e0d3e2f062fa552ced6f39531\">\n.flex_column.av-d36b3-5315ce8e0d3e2f062fa552ced6f39531{\nborder-radius:0px 0px 0px 0px;\npadding:0px 0px 0px 0px;\n}\n<\/style>\n<div  class='flex_column av-d36b3-5315ce8e0d3e2f062fa552ced6f39531 av_one_half  avia-builder-el-8  el_after_av_one_half  avia-builder-el-last  flex_column_div av-zero-column-padding  '     ><p>\n<style type=\"text\/css\" data-created_by=\"avia_inline_auto\" id=\"style-css-av-jk4bjwdu-97550f31a38df1a2c959314baf794a42\">\n.avia-image-container.av-jk4bjwdu-97550f31a38df1a2c959314baf794a42 img.avia_image{\nbox-shadow:none;\n}\n.avia-image-container.av-jk4bjwdu-97550f31a38df1a2c959314baf794a42 .av-image-caption-overlay-center{\ncolor:#ffffff;\n}\n<\/style>\n<div  class='avia-image-container av-jk4bjwdu-97550f31a38df1a2c959314baf794a42 av-styling- avia-align-center  avia-builder-el-9  el_before_av_hr  avia-builder-el-first '   itemprop=\"image\" itemscope=\"itemscope\" itemtype=\"https:\/\/schema.org\/ImageObject\" ><div class=\"avia-image-container-inner\"><div class=\"avia-image-overlay-wrap\"><img decoding=\"async\" fetchpriority=\"high\" class='wp-image-2845 avia-img-lazy-loading-not-2845 avia_image ' src=\"https:\/\/www.abaccointernational.es\/wp-content\/uploads\/2018\/07\/Contact-Abacco-nternational-840x321.jpg\" alt='' title='Contact-Abacco-nternational'  height=\"321\" width=\"840\"  itemprop=\"thumbnailUrl\"  \/><\/div><\/div><\/div><br \/>\n\n<style type=\"text\/css\" data-created_by=\"avia_inline_auto\" id=\"style-css-av-uak5b-38853b66a8c4f71b136547dd0081ba76\">\n#top .hr.hr-invisible.av-uak5b-38853b66a8c4f71b136547dd0081ba76{\nheight:30px;\n}\n<\/style>\n<div  class='hr av-uak5b-38853b66a8c4f71b136547dd0081ba76 hr-invisible  avia-builder-el-10  el_after_av_image  el_before_av_codeblock '><span class='hr-inner '><span class=\"hr-inner-style\"><\/span><\/span><\/div><br \/>\n<\/p><\/div><\/p>\n","protected":false},"excerpt":{"rendered":"","protected":false},"author":1,"featured_media":0,"parent":0,"menu_order":0,"comment_status":"open","ping_status":"open","template":"","meta":{"footnotes":""},"class_list":["post-2892","page","type-page","status-publish","hentry"],"yoast_head":"<!-- This site is optimized with the Yoast SEO plugin v27.4 - https:\/\/yoast.com\/product\/yoast-seo-wordpress\/ -->\n<title>Contacto - Abacco International<\/title>\n<meta name=\"description\" content=\"Contact your Specialists at Abacco International: DMC for Portugal and Spain to help you out with your land arrangements in The Iberian Peninsula\" \/>\n<meta name=\"robots\" content=\"index, follow, max-snippet:-1, max-image-preview:large, max-video-preview:-1\" \/>\n<link rel=\"canonical\" href=\"https:\/\/www.abaccointernational.es\/es\/contacto\/\" \/>\n<meta property=\"og:locale\" content=\"es_ES\" \/>\n<meta property=\"og:type\" content=\"article\" \/>\n<meta property=\"og:title\" content=\"Contacto - Abacco International\" \/>\n<meta property=\"og:description\" content=\"Contact your Specialists at Abacco International: DMC for Portugal and Spain to help you out with your land arrangements in The Iberian Peninsula\" \/>\n<meta property=\"og:url\" content=\"https:\/\/www.abaccointernational.es\/es\/contacto\/\" \/>\n<meta property=\"og:site_name\" content=\"Abacco International\" \/>\n<meta property=\"article:modified_time\" content=\"2019-01-21T23:58:06+00:00\" \/>\n<meta name=\"twitter:card\" content=\"summary_large_image\" \/>\n<meta name=\"twitter:label1\" content=\"Tiempo de lectura\" \/>\n\t<meta name=\"twitter:data1\" content=\"4 minutos\" \/>\n<script type=\"application\/ld+json\" class=\"yoast-schema-graph\">{\"@context\":\"https:\\\/\\\/schema.org\",\"@graph\":[{\"@type\":\"WebPage\",\"@id\":\"https:\\\/\\\/www.abaccointernational.es\\\/es\\\/contacto\\\/\",\"url\":\"https:\\\/\\\/www.abaccointernational.es\\\/es\\\/contacto\\\/\",\"name\":\"Contacto - Abacco International\",\"isPartOf\":{\"@id\":\"https:\\\/\\\/www.abaccointernational.es\\\/#website\"},\"datePublished\":\"2014-08-24T17:28:24+00:00\",\"dateModified\":\"2019-01-21T23:58:06+00:00\",\"description\":\"Contact your Specialists at Abacco International: DMC for Portugal and Spain to help you out with your land arrangements in The Iberian Peninsula\",\"breadcrumb\":{\"@id\":\"https:\\\/\\\/www.abaccointernational.es\\\/es\\\/contacto\\\/#breadcrumb\"},\"inLanguage\":\"es\",\"potentialAction\":[{\"@type\":\"ReadAction\",\"target\":[\"https:\\\/\\\/www.abaccointernational.es\\\/es\\\/contacto\\\/\"]}]},{\"@type\":\"BreadcrumbList\",\"@id\":\"https:\\\/\\\/www.abaccointernational.es\\\/es\\\/contacto\\\/#breadcrumb\",\"itemListElement\":[{\"@type\":\"ListItem\",\"position\":1,\"name\":\"Home\",\"item\":\"https:\\\/\\\/www.abaccointernational.es\\\/es\\\/\"},{\"@type\":\"ListItem\",\"position\":2,\"name\":\"Contacto\"}]},{\"@type\":\"WebSite\",\"@id\":\"https:\\\/\\\/www.abaccointernational.es\\\/#website\",\"url\":\"https:\\\/\\\/www.abaccointernational.es\\\/\",\"name\":\"Abacco International\",\"description\":\"DMC for Spain And Portugal\",\"potentialAction\":[{\"@type\":\"SearchAction\",\"target\":{\"@type\":\"EntryPoint\",\"urlTemplate\":\"https:\\\/\\\/www.abaccointernational.es\\\/?s={search_term_string}\"},\"query-input\":{\"@type\":\"PropertyValueSpecification\",\"valueRequired\":true,\"valueName\":\"search_term_string\"}}],\"inLanguage\":\"es\"}]}<\/script>\n<!-- \/ Yoast SEO plugin. -->","yoast_head_json":{"title":"Contacto - Abacco International","description":"Contact your Specialists at Abacco International: DMC for Portugal and Spain to help you out with your land arrangements in The Iberian Peninsula","robots":{"index":"index","follow":"follow","max-snippet":"max-snippet:-1","max-image-preview":"max-image-preview:large","max-video-preview":"max-video-preview:-1"},"canonical":"https:\/\/www.abaccointernational.es\/es\/contacto\/","og_locale":"es_ES","og_type":"article","og_title":"Contacto - Abacco International","og_description":"Contact your Specialists at Abacco International: DMC for Portugal and Spain to help you out with your land arrangements in The Iberian Peninsula","og_url":"https:\/\/www.abaccointernational.es\/es\/contacto\/","og_site_name":"Abacco International","article_modified_time":"2019-01-21T23:58:06+00:00","twitter_card":"summary_large_image","twitter_misc":{"Tiempo de lectura":"4 minutos"},"schema":{"@context":"https:\/\/schema.org","@graph":[{"@type":"WebPage","@id":"https:\/\/www.abaccointernational.es\/es\/contacto\/","url":"https:\/\/www.abaccointernational.es\/es\/contacto\/","name":"Contacto - Abacco International","isPartOf":{"@id":"https:\/\/www.abaccointernational.es\/#website"},"datePublished":"2014-08-24T17:28:24+00:00","dateModified":"2019-01-21T23:58:06+00:00","description":"Contact your Specialists at Abacco International: DMC for Portugal and Spain to help you out with your land arrangements in The Iberian Peninsula","breadcrumb":{"@id":"https:\/\/www.abaccointernational.es\/es\/contacto\/#breadcrumb"},"inLanguage":"es","potentialAction":[{"@type":"ReadAction","target":["https:\/\/www.abaccointernational.es\/es\/contacto\/"]}]},{"@type":"BreadcrumbList","@id":"https:\/\/www.abaccointernational.es\/es\/contacto\/#breadcrumb","itemListElement":[{"@type":"ListItem","position":1,"name":"Home","item":"https:\/\/www.abaccointernational.es\/es\/"},{"@type":"ListItem","position":2,"name":"Contacto"}]},{"@type":"WebSite","@id":"https:\/\/www.abaccointernational.es\/#website","url":"https:\/\/www.abaccointernational.es\/","name":"Abacco International","description":"DMC for Spain And Portugal","potentialAction":[{"@type":"SearchAction","target":{"@type":"EntryPoint","urlTemplate":"https:\/\/www.abaccointernational.es\/?s={search_term_string}"},"query-input":{"@type":"PropertyValueSpecification","valueRequired":true,"valueName":"search_term_string"}}],"inLanguage":"es"}]}},"_links":{"self":[{"href":"https:\/\/www.abaccointernational.es\/es\/wp-json\/wp\/v2\/pages\/2892","targetHints":{"allow":["GET"]}}],"collection":[{"href":"https:\/\/www.abaccointernational.es\/es\/wp-json\/wp\/v2\/pages"}],"about":[{"href":"https:\/\/www.abaccointernational.es\/es\/wp-json\/wp\/v2\/types\/page"}],"author":[{"embeddable":true,"href":"https:\/\/www.abaccointernational.es\/es\/wp-json\/wp\/v2\/users\/1"}],"replies":[{"embeddable":true,"href":"https:\/\/www.abaccointernational.es\/es\/wp-json\/wp\/v2\/comments?post=2892"}],"version-history":[{"count":4,"href":"https:\/\/www.abaccointernational.es\/es\/wp-json\/wp\/v2\/pages\/2892\/revisions"}],"predecessor-version":[{"id":4857,"href":"https:\/\/www.abaccointernational.es\/es\/wp-json\/wp\/v2\/pages\/2892\/revisions\/4857"}],"wp:attachment":[{"href":"https:\/\/www.abaccointernational.es\/es\/wp-json\/wp\/v2\/media?parent=2892"}],"curies":[{"name":"wp","href":"https:\/\/api.w.org\/{rel}","templated":true}]}}